{"id":76,"date":"2024-04-08T21:12:19","date_gmt":"2024-04-08T21:12:19","guid":{"rendered":"https:\/\/bonitafind.skin\/?page_id=76"},"modified":"2025-11-14T05:08:04","modified_gmt":"2025-11-14T05:08:04","slug":"directory","status":"publish","type":"page","link":"https:\/\/bonitafind.skin\/es\/directory\/","title":{"rendered":"Top Skincare Brands &#038; Beauty Resources Directory | BonitaFind"},"content":{"rendered":"<div data-elementor-type=\"wp-page\" data-elementor-id=\"76\" class=\"elementor elementor-76\" data-elementor-post-type=\"page\">\n\t\t\t\t<div class=\"elementor-element elementor-element-43ba317d e-con-full e-flex e-con e-parent\" data-id=\"43ba317d\" data-element_type=\"container\" data-e-type=\"container\" data-settings=\"{&quot;background_background&quot;:&quot;classic&quot;}\">\n\t\t<div class=\"elementor-element elementor-element-77431ada e-con-full e-flex e-con e-child\" data-id=\"77431ada\" data-element_type=\"container\" data-e-type=\"container\">\n\t\t\t\t<div class=\"elementor-element elementor-element-45eae42f elementor-widget elementor-widget-heading\" data-id=\"45eae42f\" data-element_type=\"widget\" data-e-type=\"widget\" data-widget_type=\"heading.default\">\n\t\t\t\t<div class=\"elementor-widget-container\">\n\t\t\t\t\t<h1 class=\"elementor-heading-title elementor-size-default\">Encuentra un Skincare Professional<\/h1>\t\t\t\t<\/div>\n\t\t\t\t<\/div>\n\t\t\t\t<div class=\"elementor-element elementor-element-3fb959dd elementor-widget__width-initial elementor-widget elementor-widget-text-editor\" data-id=\"3fb959dd\" data-element_type=\"widget\" data-e-type=\"widget\" data-widget_type=\"text-editor.default\">\n\t\t\t\t<div class=\"elementor-widget-container\">\n\t\t\t\t\t\t\t\t\t<p>Bienvenido a nuestra base de datos seleccionada para encontrar un profesional examinado y confiable en su \u00e1rea.\u00a0<\/p>\t\t\t\t\t\t\t\t<\/div>\n\t\t\t\t<\/div>\n\t\t\t\t<\/div>\n\t\t\t\t<\/div>\n\t\t<div class=\"elementor-element elementor-element-47bebbc e-flex e-con-boxed e-con e-parent\" data-id=\"47bebbc\" data-element_type=\"container\" data-e-type=\"container\" data-settings=\"{&quot;background_background&quot;:&quot;classic&quot;}\">\n\t\t\t\t\t<div class=\"e-con-inner\">\n\t\t\t\t<div class=\"elementor-element elementor-element-2afea7b elementor-widget elementor-widget-heading\" data-id=\"2afea7b\" data-element_type=\"widget\" data-e-type=\"widget\" data-widget_type=\"heading.default\">\n\t\t\t\t<div class=\"elementor-widget-container\">\n\t\t\t\t\t<h2 class=\"elementor-heading-title elementor-size-default\">Busque en nuestro directorio listados cerca de usted<\/h2>\t\t\t\t<\/div>\n\t\t\t\t<\/div>\n\t\t\t\t\t<\/div>\n\t\t\t\t<\/div>\n\t\t<div class=\"elementor-element elementor-element-ae815d3 e-con-full e-flex e-con e-parent\" data-id=\"ae815d3\" data-element_type=\"container\" data-e-type=\"container\" data-settings=\"{&quot;background_background&quot;:&quot;classic&quot;}\">\n\t\t<div class=\"elementor-element elementor-element-f7ff20f e-flex e-con-boxed e-con e-child\" data-id=\"f7ff20f\" data-element_type=\"container\" data-e-type=\"container\">\n\t\t\t\t\t<div class=\"e-con-inner\">\n\t\t\t\t<div class=\"elementor-element elementor-element-fb983cb elementor-widget elementor-widget-hivepress-listing-categories\" data-id=\"fb983cb\" data-element_type=\"widget\" data-e-type=\"widget\" data-widget_type=\"hivepress-listing-categories.default\">\n\t\t\t\t<div class=\"elementor-widget-container\">\n\t\t\t\t\t<div class=\"hp-listing-categories hp-grid hp-block\"><div class=\"hp-row\"><div class=\"hp-grid__item hp-col-sm-4 hp-col-xs-12\"><article class=\"hp-listing-category hp-listing-category--view-block\"><header class=\"hp-listing-category__header\"><div class=\"hp-listing-category__image\">\n\t<a href=\"https:\/\/bonitafind.skin\/es\/listing-category\/esthetician\/\">\n\t\t\t\t\t<img decoding=\"async\" src=\"https:\/\/bonitafind.skin\/wp-content\/uploads\/2024\/05\/IMG_6450-2-400x300.jpg\" alt=\"Esthetician\" loading=\"lazy\">\n\t\t\t<\/a>\n<\/div>\n<\/header><div class=\"hp-listing-category__content\"><h4 class=\"hp-listing-category__name\"><a href=\"https:\/\/bonitafind.skin\/es\/listing-category\/esthetician\/\">Esthetician<\/a>\n<\/h4><div class=\"hp-listing-category__details hp-listing-category__details--primary\"><div class=\"hp-listing-category__item-count hp-listing-category__count\">5 anuncios<\/div>\n<\/div><\/div><\/article><\/div><div class=\"hp-grid__item hp-col-sm-4 hp-col-xs-12\"><article class=\"hp-listing-category hp-listing-category--view-block\"><header class=\"hp-listing-category__header\"><div class=\"hp-listing-category__image\">\n\t<a href=\"https:\/\/bonitafind.skin\/es\/listing-category\/dermatologist\/\">\n\t\t\t\t\t<img decoding=\"async\" src=\"https:\/\/bonitafind.skin\/wp-content\/uploads\/2024\/05\/IMG_6055-1-400x300.jpg\" alt=\"Dermatologist\" loading=\"lazy\">\n\t\t\t<\/a>\n<\/div>\n<\/header><div class=\"hp-listing-category__content\"><h4 class=\"hp-listing-category__name\"><a href=\"https:\/\/bonitafind.skin\/es\/listing-category\/dermatologist\/\">Dermatologist<\/a>\n<\/h4><div class=\"hp-listing-category__details hp-listing-category__details--primary\"><div class=\"hp-listing-category__item-count hp-listing-category__count\">0 anuncios<\/div>\n<\/div><\/div><\/article><\/div><div class=\"hp-grid__item hp-col-sm-4 hp-col-xs-12\"><article class=\"hp-listing-category hp-listing-category--view-block\"><header class=\"hp-listing-category__header\"><div class=\"hp-listing-category__image\">\n\t<a href=\"https:\/\/bonitafind.skin\/es\/listing-category\/beauty-entrepreneur\/\">\n\t\t\t\t\t<img decoding=\"async\" src=\"https:\/\/bonitafind.skin\/wp-content\/uploads\/2024\/05\/IMG_8285-2-1-400x300.jpg\" alt=\"Beauty Entrepreneur\" loading=\"lazy\">\n\t\t\t<\/a>\n<\/div>\n<\/header><div class=\"hp-listing-category__content\"><h4 class=\"hp-listing-category__name\"><a href=\"https:\/\/bonitafind.skin\/es\/listing-category\/beauty-entrepreneur\/\">Beauty Entrepreneur<\/a>\n<\/h4><div class=\"hp-listing-category__details hp-listing-category__details--primary\"><div class=\"hp-listing-category__item-count hp-listing-category__count\">0 anuncios<\/div>\n<\/div><\/div><\/article><\/div><\/div><\/div>\t\t\t\t<\/div>\n\t\t\t\t<\/div>\n\t\t\t\t\t<\/div>\n\t\t\t\t<\/div>\n\t\t\t\t<\/div>\n\t\t<div class=\"elementor-element elementor-element-f3cc13f e-flex e-con-boxed e-con e-parent\" data-id=\"f3cc13f\" data-element_type=\"container\" data-e-type=\"container\" data-settings=\"{&quot;background_background&quot;:&quot;classic&quot;}\">\n\t\t\t\t\t<div class=\"e-con-inner\">\n\t\t\t\t<div class=\"elementor-element elementor-element-9a0c296 elementor-widget elementor-widget-heading\" data-id=\"9a0c296\" data-element_type=\"widget\" data-e-type=\"widget\" data-widget_type=\"heading.default\">\n\t\t\t\t<div class=\"elementor-widget-container\">\n\t\t\t\t\t<h2 class=\"elementor-heading-title elementor-size-default\">Listados destacados<\/h2>\t\t\t\t<\/div>\n\t\t\t\t<\/div>\n\t\t\t\t\t<\/div>\n\t\t\t\t<\/div>\n\t\t<div class=\"elementor-element elementor-element-6aec9b7 e-con-full e-flex e-con e-parent\" data-id=\"6aec9b7\" data-element_type=\"container\" data-e-type=\"container\" data-settings=\"{&quot;background_background&quot;:&quot;classic&quot;}\">\n\t\t<div class=\"elementor-element elementor-element-9b951ff e-flex e-con-boxed e-con e-child\" data-id=\"9b951ff\" data-element_type=\"container\" data-e-type=\"container\">\n\t\t\t\t\t<div class=\"e-con-inner\">\n\t\t\t\t<div class=\"elementor-element elementor-element-73ad02e elementor-widget__width-inherit elementor-widget elementor-widget-hivepress-listings\" data-id=\"73ad02e\" data-element_type=\"widget\" data-e-type=\"widget\" data-widget_type=\"hivepress-listings.default\">\n\t\t\t\t<div class=\"elementor-widget-container\">\n\t\t\t\t\t<div class=\"hp-listings hp-block hp-grid\"><div class=\"hp-row\"><div class=\"hp-grid__item hp-col-sm-4 hp-col-xs-12\"><article class=\"hp-listing hp-listing--view-block hp-listing--featured hp-listing--verified\"><header class=\"hp-listing__header\">\t<div class=\"hp-listing__featured-badge hp-listing__featured\" title=\"Destacado\">\n\t\t<i class=\"hp-icon fas fa-star\"><\/i>\n\t<\/div>\n\t<div class=\"hp-listing__image\" data-component=\"carousel-slider\" data-preview=\"false\" data-aspect-ratio=\"\" data-url=\"https:\/\/bonitafind.skin\/es\/listing\/gissel-disla\/\">\n\t\t\t<a href=\"https:\/\/bonitafind.skin\/es\/listing\/gissel-disla\/\">\n\t\t\t\t\t\t\t<img decoding=\"async\" src=\"https:\/\/bonitafind.skin\/wp-content\/uploads\/2024\/04\/5-400x300.png\" alt=\"Gissel Disla\" loading=\"lazy\">\n\t\t\t\t\t<\/a>\n\t<\/div>\n<\/header><div class=\"hp-listing__content\"><h4 class=\"hp-listing__title\"><a href=\"https:\/\/bonitafind.skin\/es\/listing\/gissel-disla\/\">Gissel Disla<\/a>\n\t<i class=\"hp-listing__verified-badge hp-listing__verified hp-icon fas fa-check-circle\" title=\"Verificado\"><\/i>\n\t<\/h4><div class=\"hp-listing__details hp-listing__details--primary\">\t<div class=\"hp-listing__categories hp-listing__category\">\n\t\t\t\t\t<a href=\"https:\/\/bonitafind.skin\/es\/listing-category\/esthetician\/\">Esthetician<\/a>\n\t\t\t<\/div>\n\t<time class=\"hp-listing__created-date hp-listing__date hp-meta\" datetime=\"2024-04-11 00:42:56\">\n\tA\u00f1adido el abril 11, 2024<\/time>\n<\/div><\/div><footer class=\"hp-listing__footer\"><div class=\"hp-listing__actions hp-listing__actions--primary\"><\/div><\/footer><\/article><\/div><div class=\"hp-grid__item hp-col-sm-4 hp-col-xs-12\"><article class=\"hp-listing hp-listing--view-block hp-listing--verified\"><header class=\"hp-listing__header\"><div class=\"hp-listing__image\" data-component=\"carousel-slider\" data-preview=\"false\" data-aspect-ratio=\"\" data-url=\"https:\/\/bonitafind.skin\/es\/listing\/andrea-collins\/\">\n\t\t\t<a href=\"https:\/\/bonitafind.skin\/es\/listing\/andrea-collins\/\">\n\t\t\t\t\t\t\t<img decoding=\"async\" src=\"https:\/\/bonitafind.skin\/wp-content\/uploads\/2024\/04\/Andrea-Collins-1-400x300.png\" alt=\"Andrea Collins\" loading=\"lazy\">\n\t\t\t\t\t<\/a>\n\t<\/div>\n<\/header><div class=\"hp-listing__content\"><h4 class=\"hp-listing__title\"><a href=\"https:\/\/bonitafind.skin\/es\/listing\/andrea-collins\/\">Andrea Collins<\/a>\n\t<i class=\"hp-listing__verified-badge hp-listing__verified hp-icon fas fa-check-circle\" title=\"Verificado\"><\/i>\n\t<\/h4><div class=\"hp-listing__details hp-listing__details--primary\">\t<div class=\"hp-listing__categories hp-listing__category\">\n\t\t\t\t\t<a href=\"https:\/\/bonitafind.skin\/es\/listing-category\/esthetician\/\">Esthetician<\/a>\n\t\t\t<\/div>\n\t<time class=\"hp-listing__created-date hp-listing__date hp-meta\" datetime=\"2024-04-11 00:38:22\">\n\tA\u00f1adido el abril 11, 2024<\/time>\n<\/div><\/div><footer class=\"hp-listing__footer\"><div class=\"hp-listing__actions hp-listing__actions--primary\"><\/div><\/footer><\/article><\/div><div class=\"hp-grid__item hp-col-sm-4 hp-col-xs-12\"><article class=\"hp-listing hp-listing--view-block hp-listing--verified\"><header class=\"hp-listing__header\"><div class=\"hp-listing__image\" data-component=\"carousel-slider\" data-preview=\"false\" data-aspect-ratio=\"\" data-url=\"https:\/\/bonitafind.skin\/es\/listing\/sarah-fuentes\/\">\n\t\t\t<a href=\"https:\/\/bonitafind.skin\/es\/listing\/sarah-fuentes\/\">\n\t\t\t\t\t\t\t<img decoding=\"async\" src=\"https:\/\/bonitafind.skin\/wp-content\/uploads\/2024\/04\/3-400x300.png\" alt=\"Sarah Fuentes\" loading=\"lazy\">\n\t\t\t\t\t<\/a>\n\t<\/div>\n<\/header><div class=\"hp-listing__content\"><h4 class=\"hp-listing__title\"><a href=\"https:\/\/bonitafind.skin\/es\/listing\/sarah-fuentes\/\">Sarah Fuentes<\/a>\n\t<i class=\"hp-listing__verified-badge hp-listing__verified hp-icon fas fa-check-circle\" title=\"Verificado\"><\/i>\n\t<\/h4><div class=\"hp-listing__details hp-listing__details--primary\">\t<div class=\"hp-listing__categories hp-listing__category\">\n\t\t\t\t\t<a href=\"https:\/\/bonitafind.skin\/es\/listing-category\/esthetician\/\">Esthetician<\/a>\n\t\t\t<\/div>\n\t<time class=\"hp-listing__created-date hp-listing__date hp-meta\" datetime=\"2024-04-11 00:36:42\">\n\tA\u00f1adido el abril 11, 2024<\/time>\n<\/div><\/div><footer class=\"hp-listing__footer\"><div class=\"hp-listing__actions hp-listing__actions--primary\"><\/div><\/footer><\/article><\/div><div class=\"hp-grid__item hp-col-sm-4 hp-col-xs-12\"><article class=\"hp-listing hp-listing--view-block hp-listing--verified\"><header class=\"hp-listing__header\"><div class=\"hp-listing__image\" data-component=\"carousel-slider\" data-preview=\"false\" data-aspect-ratio=\"\" data-url=\"https:\/\/bonitafind.skin\/es\/listing\/sam-molina\/\">\n\t\t\t<a href=\"https:\/\/bonitafind.skin\/es\/listing\/sam-molina\/\">\n\t\t\t\t\t\t\t<img decoding=\"async\" src=\"https:\/\/bonitafind.skin\/wp-content\/uploads\/2024\/04\/4-400x300.png\" alt=\"Sam Molina\" loading=\"lazy\">\n\t\t\t\t\t<\/a>\n\t<\/div>\n<\/header><div class=\"hp-listing__content\"><h4 class=\"hp-listing__title\"><a href=\"https:\/\/bonitafind.skin\/es\/listing\/sam-molina\/\">Sam Molina<\/a>\n\t<i class=\"hp-listing__verified-badge hp-listing__verified hp-icon fas fa-check-circle\" title=\"Verificado\"><\/i>\n\t<\/h4><div class=\"hp-listing__details hp-listing__details--primary\">\t<div class=\"hp-listing__categories hp-listing__category\">\n\t\t\t\t\t<a href=\"https:\/\/bonitafind.skin\/es\/listing-category\/esthetician\/\">Esthetician<\/a>\n\t\t\t<\/div>\n\t<time class=\"hp-listing__created-date hp-listing__date hp-meta\" datetime=\"2024-04-11 00:31:40\">\n\tA\u00f1adido el abril 11, 2024<\/time>\n<\/div><\/div><footer class=\"hp-listing__footer\"><div class=\"hp-listing__actions hp-listing__actions--primary\"><\/div><\/footer><\/article><\/div><div class=\"hp-grid__item hp-col-sm-4 hp-col-xs-12\"><article class=\"hp-listing hp-listing--view-block hp-listing--verified\"><header class=\"hp-listing__header\"><div class=\"hp-listing__image\" data-component=\"carousel-slider\" data-preview=\"false\" data-aspect-ratio=\"\" data-url=\"https:\/\/bonitafind.skin\/es\/listing\/lily-aguirre\/\">\n\t\t\t<a href=\"https:\/\/bonitafind.skin\/es\/listing\/lily-aguirre\/\">\n\t\t\t\t\t\t\t<img decoding=\"async\" src=\"https:\/\/bonitafind.skin\/wp-content\/uploads\/2024\/04\/Lily-Aguirre-400x300.png\" alt=\"Lily Aguirre\" loading=\"lazy\">\n\t\t\t\t\t<\/a>\n\t<\/div>\n<\/header><div class=\"hp-listing__content\"><h4 class=\"hp-listing__title\"><a href=\"https:\/\/bonitafind.skin\/es\/listing\/lily-aguirre\/\">Lily Aguirre<\/a>\n\t<i class=\"hp-listing__verified-badge hp-listing__verified hp-icon fas fa-check-circle\" title=\"Verificado\"><\/i>\n\t<\/h4><div class=\"hp-listing__details hp-listing__details--primary\">\t<div class=\"hp-listing__categories hp-listing__category\">\n\t\t\t\t\t<a href=\"https:\/\/bonitafind.skin\/es\/listing-category\/esthetician\/\">Esthetician<\/a>\n\t\t\t<\/div>\n\t<time class=\"hp-listing__created-date hp-listing__date hp-meta\" datetime=\"2024-04-11 00:21:49\">\n\tA\u00f1adido el abril 11, 2024<\/time>\n<\/div><\/div><footer class=\"hp-listing__footer\"><div class=\"hp-listing__actions hp-listing__actions--primary\"><\/div><\/footer><\/article><\/div><\/div><\/div>\t\t\t\t<\/div>\n\t\t\t\t<\/div>\n\t\t\t\t\t<\/div>\n\t\t\t\t<\/div>\n\t\t\t\t<\/div>\n\t\t<div class=\"elementor-element elementor-element-1bcb0e0 e-flex e-con-boxed e-con e-parent\" data-id=\"1bcb0e0\" data-element_type=\"container\" data-e-type=\"container\" data-settings=\"{&quot;background_background&quot;:&quot;classic&quot;}\">\n\t\t\t\t\t<div class=\"e-con-inner\">\n\t\t\t\t<div class=\"elementor-element elementor-element-b478c83 elementor-widget elementor-widget-heading\" data-id=\"b478c83\" data-element_type=\"widget\" data-e-type=\"widget\" data-widget_type=\"heading.default\">\n\t\t\t\t<div class=\"elementor-widget-container\">\n\t\t\t\t\t<h2 class=\"elementor-heading-title elementor-size-default\">Ac\u00e9rcate a tus objetivos de cuidado de la piel<\/h2>\t\t\t\t<\/div>\n\t\t\t\t<\/div>\n\t\t\t\t\t<\/div>\n\t\t\t\t<\/div>\n\t\t<div class=\"elementor-element elementor-element-a8d6398 e-con-full e-flex e-con e-parent\" data-id=\"a8d6398\" data-element_type=\"container\" data-e-type=\"container\" data-settings=\"{&quot;background_background&quot;:&quot;classic&quot;}\">\n\t\t<div class=\"elementor-element elementor-element-768c7bb e-flex e-con-boxed e-con e-child\" data-id=\"768c7bb\" data-element_type=\"container\" data-e-type=\"container\">\n\t\t\t\t\t<div class=\"e-con-inner\">\n\t\t\t\t<div class=\"elementor-element elementor-element-849bf50 elementor-widget elementor-widget-text-editor\" data-id=\"849bf50\" data-element_type=\"widget\" data-e-type=\"widget\" data-widget_type=\"text-editor.default\">\n\t\t\t\t<div class=\"elementor-widget-container\">\n\t\t\t\t\t\t\t\t\t<p>A continuaci\u00f3n, ingrese la ciudad en la que se encuentra, seleccione una categor\u00eda y presione buscar para encontrar un m\u00e9dico cerca de usted.<\/p>\t\t\t\t\t\t\t\t<\/div>\n\t\t\t\t<\/div>\n\t\t<div class=\"elementor-element elementor-element-be1cf51 e-flex e-con-boxed e-con e-child\" data-id=\"be1cf51\" data-element_type=\"container\" data-e-type=\"container\" data-settings=\"{&quot;background_background&quot;:&quot;gradient&quot;}\">\n\t\t\t\t\t<div class=\"e-con-inner\">\n\t\t\t\t<div class=\"elementor-element elementor-element-a03de93 elementor-widget elementor-widget-hivepress-listing-search-form\" data-id=\"a03de93\" data-element_type=\"widget\" data-e-type=\"widget\" data-widget_type=\"hivepress-listing-search-form.default\">\n\t\t\t\t<div class=\"elementor-widget-container\">\n\t\t\t\t\t<form class=\"hp-form--wide hp-form--primary hp-block hp-form hp-form--listing-search\" action=\"https:\/\/bonitafind.skin\/es\/\" method=\"GET\" data-component=\"form\" data-trp-original-action=\"https:\/\/bonitafind.skin\/es\"><div class=\"hp-form__messages\" data-component=\"messages\"><\/div><div class=\"hp-form__fields\"><input type=\"hidden\" name=\"post_type\" value=\"hp_listing\" class=\"hp-field hp-field--hidden\"><div class=\"hp-form__field hp-form__field--search\"><input type=\"search\" name=\"s\" value=\"\" placeholder=\"Palabras clave\" maxlength=\"256\" class=\"hp-field hp-field--search\"><\/div><div class=\"hp-form__field hp-form__field--select\"><select name=\"_category\" data-component=\"select\" class=\"hp-field hp-field--select\"><option value=\"\">Todas las categor\u00edas<\/option><option value=\"16\">Beauty Entrepreneur<\/option><option value=\"14\">Dermatologist<\/option><option value=\"13\">Esthetician<\/option><\/select><\/div><\/div><div class=\"hp-form__footer\"><button type=\"submit\" class=\"hp-form__button button-primary alt button hp-field hp-field--submit\"><span>Buscar<\/span><\/button><\/div><input type=\"hidden\" name=\"trp-form-language\" value=\"es\"\/><\/form>\t\t\t\t<\/div>\n\t\t\t\t<\/div>\n\t\t\t\t\t<\/div>\n\t\t\t\t<\/div>\n\t\t\t\t\t<\/div>\n\t\t\t\t<\/div>\n\t\t\t\t<\/div>\n\t\t\t\t<\/div>","protected":false},"excerpt":{"rendered":"<p>Find A Skincare Professional Welcome to our curated database to find a vetted and trust worthy professional in your area\u00a0 Search our Directory for Listings Near You Esthetician 5 Listings Dermatologist 0 Listings Beauty Entrepreneur 0 Listings Featured Listings Gissel Disla Esthetician Added on April 11, 2024 Andrea Collins Esthetician Added on April 11, 2024 [&hellip;]<\/p>\n","protected":false},"author":1,"featured_media":0,"parent":0,"menu_order":0,"comment_status":"closed","ping_status":"closed","template":"","meta":{"om_disable_all_campaigns":false,"_monsterinsights_skip_tracking":false,"_monsterinsights_sitenote_active":false,"_monsterinsights_sitenote_note":"","_monsterinsights_sitenote_category":0,"footnotes":""},"class_list":["post-76","page","type-page","status-publish","hentry"],"aioseo_notices":[],"_links":{"self":[{"href":"https:\/\/bonitafind.skin\/es\/wp-json\/wp\/v2\/pages\/76","targetHints":{"allow":["GET"]}}],"collection":[{"href":"https:\/\/bonitafind.skin\/es\/wp-json\/wp\/v2\/pages"}],"about":[{"href":"https:\/\/bonitafind.skin\/es\/wp-json\/wp\/v2\/types\/page"}],"author":[{"embeddable":true,"href":"https:\/\/bonitafind.skin\/es\/wp-json\/wp\/v2\/users\/1"}],"replies":[{"embeddable":true,"href":"https:\/\/bonitafind.skin\/es\/wp-json\/wp\/v2\/comments?post=76"}],"version-history":[{"count":96,"href":"https:\/\/bonitafind.skin\/es\/wp-json\/wp\/v2\/pages\/76\/revisions"}],"predecessor-version":[{"id":1735,"href":"https:\/\/bonitafind.skin\/es\/wp-json\/wp\/v2\/pages\/76\/revisions\/1735"}],"wp:attachment":[{"href":"https:\/\/bonitafind.skin\/es\/wp-json\/wp\/v2\/media?parent=76"}],"curies":[{"name":"wp","href":"https:\/\/api.w.org\/{rel}","templated":true}]}}