{"id":270,"date":"2024-04-11T01:09:29","date_gmt":"2024-04-11T01:09:29","guid":{"rendered":"https:\/\/bonitafind.skin\/?page_id=270"},"modified":"2026-03-04T04:24:37","modified_gmt":"2026-03-04T04:24:37","slug":"podcast","status":"publish","type":"page","link":"https:\/\/bonitafind.skin\/es\/podcast\/","title":{"rendered":"BonitaFind Podcast: Skincare, Beauty &#038; Wellness Talks"},"content":{"rendered":"<div data-elementor-type=\"wp-page\" data-elementor-id=\"270\" class=\"elementor elementor-270\" data-elementor-post-type=\"page\">\n\t\t\t\t<div class=\"elementor-element elementor-element-e5affa5 e-con-full e-flex e-con e-parent\" data-id=\"e5affa5\" data-element_type=\"container\" data-e-type=\"container\" data-settings=\"{&quot;background_background&quot;:&quot;classic&quot;}\">\n\t\t<div class=\"elementor-element elementor-element-79c973c9 e-flex e-con-boxed e-con e-child\" data-id=\"79c973c9\" data-element_type=\"container\" data-e-type=\"container\">\n\t\t\t\t\t<div class=\"e-con-inner\">\n\t\t\t\t<div class=\"elementor-element elementor-element-609e1e76 elementor-widget__width-initial elementor-widget elementor-widget-heading\" data-id=\"609e1e76\" data-element_type=\"widget\" data-e-type=\"widget\" data-widget_type=\"heading.default\">\n\t\t\t\t<div class=\"elementor-widget-container\">\n\t\t\t\t\t<h1 class=\"elementor-heading-title elementor-size-default\">Bienvenido a <span style=\"font-style: italic\"> bonita<\/span><span style=\"font-weight:600\">find<\/span> Podcast<\/h1>\t\t\t\t<\/div>\n\t\t\t\t<\/div>\n\t\t\t\t<div class=\"elementor-element elementor-element-dfd08d9 elementor-widget elementor-widget-heading\" data-id=\"dfd08d9\" data-element_type=\"widget\" data-e-type=\"widget\" data-widget_type=\"heading.default\">\n\t\t\t\t<div class=\"elementor-widget-container\">\n\t\t\t\t\t<h2 class=\"elementor-heading-title elementor-size-default\"><img decoding=\"async\" src=\"http:\/\/bonitafind.skin\/wp-content\/uploads\/2025\/10\/ICONSSS-WEB-06.svg\" alt=\"Spotify\" style=\"width:50px;height:50px;vertical-align:middle;margin:0 4px\"> BonitaFindPodcast <\/h2>\t\t\t\t<\/div>\n\t\t\t\t<\/div>\n\t\t\t\t\t<\/div>\n\t\t\t\t<\/div>\n\t\t\t\t<\/div>\n\t\t<div class=\"elementor-element elementor-element-feb1084 e-flex e-con-boxed e-con e-parent\" data-id=\"feb1084\" data-element_type=\"container\" data-e-type=\"container\" data-settings=\"{&quot;background_background&quot;:&quot;classic&quot;}\">\n\t\t\t\t\t<div class=\"e-con-inner\">\n\t\t<div class=\"elementor-element elementor-element-82cf45c e-con-full e-flex e-con e-child\" data-id=\"82cf45c\" data-element_type=\"container\" data-e-type=\"container\">\n\t\t\t\t<div class=\"elementor-element elementor-element-63bd97b8 elementor-widget elementor-widget-text-editor\" data-id=\"63bd97b8\" data-element_type=\"widget\" data-e-type=\"widget\" data-widget_type=\"text-editor.default\">\n\t\t\t\t<div class=\"elementor-widget-container\">\n\t\t\t\t\t\t\t\t\t<p>Las mujeres de color en la industria de la belleza est\u00e1n subrepresentadas y muchas veces son ignoradas por grandes marcas y medios. El podcast BonitaFind busca cambiar eso, d\u00e1ndoles una plataforma para compartir su historia y hacer crecer su negocio.\n\nEntrevistamos a emprendedoras, conocemos sus retos y logros, sus consejos, las dificultades y \u00e9xitos de ser due\u00f1a de un negocio, y lo que les habr\u00eda gustado saber cuando comenzaron.\n\nEn el podcast podr\u00e1s:<\/p>\t\t\t\t\t\t\t\t<\/div>\n\t\t\t\t<\/div>\n\t\t\t\t<div class=\"elementor-element elementor-element-5097c11 elementor-widget elementor-widget-image\" data-id=\"5097c11\" data-element_type=\"widget\" data-e-type=\"widget\" data-widget_type=\"image.default\">\n\t\t\t\t<div class=\"elementor-widget-container\">\n\t\t\t\t\t\t\t\t\t\t\t\t\t\t\t<img fetchpriority=\"high\" decoding=\"async\" width=\"2560\" height=\"2560\" src=\"https:\/\/bonitafind.skin\/wp-content\/uploads\/2023\/10\/BonitaFind-logo-04-scaled.png\" class=\"attachment-full size-full wp-image-908\" alt=\"\" srcset=\"https:\/\/bonitafind.skin\/wp-content\/uploads\/2023\/10\/BonitaFind-logo-04-scaled.png 2560w, https:\/\/bonitafind.skin\/wp-content\/uploads\/2023\/10\/BonitaFind-logo-04-300x300.png 300w, https:\/\/bonitafind.skin\/wp-content\/uploads\/2023\/10\/BonitaFind-logo-04-1024x1024.png 1024w, https:\/\/bonitafind.skin\/wp-content\/uploads\/2023\/10\/BonitaFind-logo-04-150x150.png 150w, https:\/\/bonitafind.skin\/wp-content\/uploads\/2023\/10\/BonitaFind-logo-04-768x768.png 768w, https:\/\/bonitafind.skin\/wp-content\/uploads\/2023\/10\/BonitaFind-logo-04-1536x1536.png 1536w, https:\/\/bonitafind.skin\/wp-content\/uploads\/2023\/10\/BonitaFind-logo-04-2048x2048.png 2048w, https:\/\/bonitafind.skin\/wp-content\/uploads\/2023\/10\/BonitaFind-logo-04-400x400.png 400w, https:\/\/bonitafind.skin\/wp-content\/uploads\/2023\/10\/elementor\/thumbs\/BonitaFind-logo-04-scaled-rcmltua66z1ks3iufltx4kjdijuywl5ggbfmp35okw.png 120w\" sizes=\"(max-width: 2560px) 100vw, 2560px\" \/>\t\t\t\t\t\t\t\t\t\t\t\t\t\t\t<\/div>\n\t\t\t\t<\/div>\n\t\t\t\t<\/div>\n\t\t\t\t\t<\/div>\n\t\t\t\t<\/div>\n\t\t<div class=\"elementor-element elementor-element-30c01d6e e-flex e-con-boxed e-con e-parent\" data-id=\"30c01d6e\" data-element_type=\"container\" data-e-type=\"container\" data-settings=\"{&quot;background_background&quot;:&quot;classic&quot;}\">\n\t\t\t\t\t<div class=\"e-con-inner\">\n\t\t<div class=\"elementor-element elementor-element-1aa65e2a e-flex e-con-boxed e-con e-child\" data-id=\"1aa65e2a\" data-element_type=\"container\" data-e-type=\"container\">\n\t\t\t\t\t<div class=\"e-con-inner\">\n\t\t\t\t<div class=\"elementor-element elementor-element-83c244d elementor-widget elementor-widget-heading\" data-id=\"83c244d\" data-element_type=\"widget\" data-e-type=\"widget\" data-widget_type=\"heading.default\">\n\t\t\t\t<div class=\"elementor-widget-container\">\n\t\t\t\t\t<h2 class=\"elementor-heading-title elementor-size-default\">Mira nuestro \u00faltimo episodio<\/h2>\t\t\t\t<\/div>\n\t\t\t\t<\/div>\n\t\t<div class=\"elementor-element elementor-element-7dbb169 e-flex e-con-boxed e-con e-child\" data-id=\"7dbb169\" data-element_type=\"container\" data-e-type=\"container\">\n\t\t\t\t\t<div class=\"e-con-inner\">\n\t\t\t\t<div class=\"elementor-element elementor-element-8b83824 elementor-widget elementor-widget-html\" data-id=\"8b83824\" data-element_type=\"widget\" data-e-type=\"widget\" data-widget_type=\"html.default\">\n\t\t\t\t<div class=\"elementor-widget-container\">\n\t\t\t\t\t<iframe style=\"border-radius:12px\" src=\"https:\/\/open.spotify.com\/embed\/show\/05eVf1ekjxQoTIwSxuftFI?utm_source=generator\" width=\"100%\" height=\"352\" frameborder=\"0\" allowfullscreen=\"\" allow=\"autoplay; clipboard-write; encrypted-media; fullscreen; picture-in-picture\" loading=\"lazy\"><\/iframe>\t\t\t\t<\/div>\n\t\t\t\t<\/div>\n\t\t\t\t\t<\/div>\n\t\t\t\t<\/div>\n\t\t\t\t\t<\/div>\n\t\t\t\t<\/div>\n\t\t\t\t\t<\/div>\n\t\t\t\t<\/div>\n\t\t<div class=\"elementor-element elementor-element-25264fa e-flex e-con-boxed e-con e-parent\" data-id=\"25264fa\" data-element_type=\"container\" data-e-type=\"container\" data-settings=\"{&quot;background_background&quot;:&quot;classic&quot;}\">\n\t\t\t\t\t<div class=\"e-con-inner\">\n\t\t\t\t<div class=\"elementor-element elementor-element-e9bbfc0 elementor-widget elementor-widget-spacer\" data-id=\"e9bbfc0\" data-element_type=\"widget\" data-e-type=\"widget\" data-widget_type=\"spacer.default\">\n\t\t\t\t<div class=\"elementor-widget-container\">\n\t\t\t\t\t\t\t<div class=\"elementor-spacer\">\n\t\t\t<div class=\"elementor-spacer-inner\"><\/div>\n\t\t<\/div>\n\t\t\t\t\t\t<\/div>\n\t\t\t\t<\/div>\n\t\t\t\t<div class=\"elementor-element elementor-element-2140b41 elementor-widget elementor-widget-heading\" data-id=\"2140b41\" data-element_type=\"widget\" data-e-type=\"widget\" data-widget_type=\"heading.default\">\n\t\t\t\t<div class=\"elementor-widget-container\">\n\t\t\t\t\t<h2 class=\"elementor-heading-title elementor-size-default\">Episodios destacados<\/h2>\t\t\t\t<\/div>\n\t\t\t\t<\/div>\n\t\t\t\t\t<\/div>\n\t\t\t\t<\/div>\n\t\t<div class=\"elementor-element elementor-element-66f37a0 e-flex e-con-boxed e-con e-parent\" data-id=\"66f37a0\" data-element_type=\"container\" data-e-type=\"container\" data-settings=\"{&quot;background_background&quot;:&quot;classic&quot;}\">\n\t\t\t\t\t<div class=\"e-con-inner\">\n\t\t<div class=\"elementor-element elementor-element-4597142 e-con-full e-flex e-con e-child\" data-id=\"4597142\" data-element_type=\"container\" data-e-type=\"container\">\n\t\t\t\t<div class=\"elementor-element elementor-element-899c0ae elementor-widget elementor-widget-html\" data-id=\"899c0ae\" data-element_type=\"widget\" data-e-type=\"widget\" data-widget_type=\"html.default\">\n\t\t\t\t<div class=\"elementor-widget-container\">\n\t\t\t\t\t<iframe style=\"border-radius:12px\" src=\"https:\/\/open.spotify.com\/embed\/episode\/1B1FtdgaZRZRfkR5CFsl5v?utm_source=generator\" width=\"100%\" height=\"352\" frameborder=\"0\" allowfullscreen=\"\" allow=\"autoplay; clipboard-write; encrypted-media; fullscreen; picture-in-picture\" loading=\"lazy\"><\/iframe>\t\t\t\t<\/div>\n\t\t\t\t<\/div>\n\t\t\t\t<div class=\"elementor-element elementor-element-a6fe439 elementor-widget__width-inherit elementor-hidden-mobile elementor-widget elementor-widget-text-editor\" data-id=\"a6fe439\" data-element_type=\"widget\" data-e-type=\"widget\" data-widget_type=\"text-editor.default\">\n\t\t\t\t<div class=\"elementor-widget-container\">\n\t\t\t\t\t\t\t\t\t<p>No te pierdas este episodio. Conoce a Lily Aguirre, colombiana, y descubre todo sobre su trayectoria en la industria de la belleza. Descubre c\u00f3mo se incorpor\u00f3 al mundo del maquillaje como maquilladora profesional autodidacta y c\u00f3mo r\u00e1pidamente se forj\u00f3 una reputaci\u00f3n como esteticista m\u00e9dica muy solicitada en el sur de Florida. Descubre sus opiniones sobre las tendencias en redes sociales, los estigmas culturales que enfrentamos como latinas y sus consejos para quienes dudan en dar el siguiente paso.\u00a0<\/p><p>Encu\u00e9ntrela en las redes sociales en <a href=\"https:\/\/instagram.com\/thelilyeffectbeauty\" target=\"_blank\" rel=\"noopener\">@thelilyeffectbeauty.<\/a><\/p>\t\t\t\t\t\t\t\t<\/div>\n\t\t\t\t<\/div>\n\t\t\t\t<\/div>\n\t\t<div class=\"elementor-element elementor-element-1abb907 e-con-full e-flex e-con e-child\" data-id=\"1abb907\" data-element_type=\"container\" data-e-type=\"container\">\n\t\t\t\t<div class=\"elementor-element elementor-element-a301172 elementor-widget elementor-widget-html\" data-id=\"a301172\" data-element_type=\"widget\" data-e-type=\"widget\" data-widget_type=\"html.default\">\n\t\t\t\t<div class=\"elementor-widget-container\">\n\t\t\t\t\t<iframe style=\"border-radius:12px\" src=\"https:\/\/open.spotify.com\/embed\/episode\/5dsCxYnOZYI2XeU4CcfAWG?utm_source=generator\" width=\"100%\" height=\"352\" frameborder=\"0\" allowfullscreen=\"\" allow=\"autoplay; clipboard-write; encrypted-media; fullscreen; picture-in-picture\" loading=\"lazy\"><\/iframe>\t\t\t\t<\/div>\n\t\t\t\t<\/div>\n\t\t\t\t<div class=\"elementor-element elementor-element-6bf19be elementor-hidden-mobile elementor-widget elementor-widget-text-editor\" data-id=\"6bf19be\" data-element_type=\"widget\" data-e-type=\"widget\" data-widget_type=\"text-editor.default\">\n\t\t\t\t<div class=\"elementor-widget-container\">\n\t\t\t\t\t\t\t\t\t<p>Conozca la trayectoria de Sarah en el cuidado de la piel y c\u00f3mo su familia alimenta su pasi\u00f3n por la industria.\u00a0<\/p><p>Encuentra a Sarah en Dunedin, Florida y s\u00edguela en las redes sociales en <a href=\"https:\/\/instagram.com\/skinsavvysarah\" target=\"_blank\" rel=\"noopener\">@SkinsavvySarah.<\/a><\/p>\t\t\t\t\t\t\t\t<\/div>\n\t\t\t\t<\/div>\n\t\t\t\t<\/div>\n\t\t<div class=\"elementor-element elementor-element-d584dd1 e-con-full e-flex e-con e-child\" data-id=\"d584dd1\" data-element_type=\"container\" data-e-type=\"container\">\n\t\t\t\t<div class=\"elementor-element elementor-element-961f526 elementor-widget elementor-widget-html\" data-id=\"961f526\" data-element_type=\"widget\" data-e-type=\"widget\" data-widget_type=\"html.default\">\n\t\t\t\t<div class=\"elementor-widget-container\">\n\t\t\t\t\t<iframe style=\"border-radius:12px\" src=\"https:\/\/open.spotify.com\/embed\/episode\/6PfexL2MUmyJhneO2LtEPQ?utm_source=generator\" width=\"100%\" height=\"352\" frameborder=\"0\" allowfullscreen=\"\" allow=\"autoplay; clipboard-write; encrypted-media; fullscreen; picture-in-picture\" loading=\"lazy\"><\/iframe>\t\t\t\t<\/div>\n\t\t\t\t<\/div>\n\t\t<div class=\"elementor-element elementor-element-717a240 e-con-full e-flex e-con e-child\" data-id=\"717a240\" data-element_type=\"container\" data-e-type=\"container\">\n\t\t\t\t<div class=\"elementor-element elementor-element-4176a34 elementor-hidden-mobile elementor-widget elementor-widget-text-editor\" data-id=\"4176a34\" data-element_type=\"widget\" data-e-type=\"widget\" data-widget_type=\"text-editor.default\">\n\t\t\t\t<div class=\"elementor-widget-container\">\n\t\t\t\t\t\t\t\t\t<p>For Latinas, support from our families is a huge part of who we are and how we keep going during our toughest moments and is a huge part of who we are.\n366\nPara las latinas, el apoyo de nuestras familias es fundamental para seguir adelante en los momentos m\u00e1s dif\u00edciles. Conoce a Gissel, una orgullosa dominicana residente en Nueva York que abri\u00f3 su propio spa para que su comunidad pudiera acceder a tratamientos relajantes en su propia casa. Descubre c\u00f3mo se inspir\u00f3 y qu\u00e9 la impulsa a seguir adelante.<\/p><p>\u00c9chale un vistazo en las redes sociales\u00a0<a style=\"font-family: var( --e-global-typography-text-font-family ), Sans-serif; font-weight: var( --e-global-typography-text-font-weight ); text-align: var(--text-align); background-color: #ffffff; font-size: 1rem;\" href=\"https:\/\/instagram.com\/sunstonebeautybar\" target=\"_blank\" rel=\"noopener\">@sunstonebeautybar.<\/a><\/p>\t\t\t\t\t\t\t\t<\/div>\n\t\t\t\t<\/div>\n\t\t\t\t<\/div>\n\t\t\t\t<\/div>\n\t\t<div class=\"elementor-element elementor-element-6988db4 e-con-full e-flex e-con e-child\" data-id=\"6988db4\" data-element_type=\"container\" data-e-type=\"container\">\n\t\t\t\t<div class=\"elementor-element elementor-element-7324b95 elementor-widget elementor-widget-html\" data-id=\"7324b95\" data-element_type=\"widget\" data-e-type=\"widget\" data-widget_type=\"html.default\">\n\t\t\t\t<div class=\"elementor-widget-container\">\n\t\t\t\t\t<iframe style=\"border-radius:12px\" src=\"https:\/\/open.spotify.com\/embed\/episode\/4AMfjbsCGFB2sFSPkZoM85?utm_source=generator\" width=\"100%\" height=\"352\" frameborder=\"0\" allowfullscreen=\"\" allow=\"autoplay; clipboard-write; encrypted-media; fullscreen; picture-in-picture\" loading=\"lazy\"><\/iframe>\t\t\t\t<\/div>\n\t\t\t\t<\/div>\n\t\t\t\t<div class=\"elementor-element elementor-element-7440e1e elementor-hidden-mobile elementor-widget elementor-widget-text-editor\" data-id=\"7440e1e\" data-element_type=\"widget\" data-e-type=\"widget\" data-widget_type=\"text-editor.default\">\n\t\t\t\t<div class=\"elementor-widget-container\">\n\t\t\t\t\t\t\t\t\t<p>Conozca a la esteticista Andrea Collins, con sede en Jacksonville, Florida, y aprenda sobre su visi\u00f3n sobre el poder de la transformaci\u00f3n, el aumento de la confianza a trav\u00e9s del conocimiento y lo que quiere que m\u00e1s mujeres de color como usted sepan sobre el cuidado de la piel.<\/p><p>Encu\u00e9ntrela en las redes sociales en <a href=\"https:\/\/instagram.com\/royalesthetics.jax\" target=\"_blank\" rel=\"noopener\">@royalesthetics.jax<\/a>!.<\/p>\t\t\t\t\t\t\t\t<\/div>\n\t\t\t\t<\/div>\n\t\t\t\t<\/div>\n\t\t\t\t\t<\/div>\n\t\t\t\t<\/div>\n\t\t<div class=\"elementor-element elementor-element-0cecfd4 e-flex e-con-boxed e-con e-parent\" data-id=\"0cecfd4\" data-element_type=\"container\" data-e-type=\"container\" data-settings=\"{&quot;background_background&quot;:&quot;classic&quot;}\">\n\t\t\t\t\t<div class=\"e-con-inner\">\n\t\t<div class=\"elementor-element elementor-element-47d3eb5 e-con-full e-flex e-con e-child\" data-id=\"47d3eb5\" data-element_type=\"container\" data-e-type=\"container\">\n\t\t\t\t<div class=\"elementor-element elementor-element-5ac08d7 elementor-widget elementor-widget-html\" data-id=\"5ac08d7\" data-element_type=\"widget\" data-e-type=\"widget\" data-widget_type=\"html.default\">\n\t\t\t\t<div class=\"elementor-widget-container\">\n\t\t\t\t\t<iframe style=\"border-radius:12px\" src=\"https:\/\/open.spotify.com\/embed\/episode\/4UAq93U2Pq1j9AaMUJcQmU?utm_source=generator\" width=\"100%\" height=\"352\" frameborder=\"0\" allowfullscreen=\"\" allow=\"autoplay; clipboard-write; encrypted-media; fullscreen; picture-in-picture\" loading=\"lazy\"><\/iframe>\t\t\t\t<\/div>\n\t\t\t\t<\/div>\n\t\t\t\t<div class=\"elementor-element elementor-element-562b495 elementor-hidden-mobile elementor-widget elementor-widget-text-editor\" data-id=\"562b495\" data-element_type=\"widget\" data-e-type=\"widget\" data-widget_type=\"text-editor.default\">\n\t\t\t\t<div class=\"elementor-widget-container\">\n\t\t\t\t\t\t\t\t\t<p>Como esteticistas, hacemos m\u00e1s que ayudar a nuestros clientes a sanar su piel; escuchamos atentamente y ofrecemos consejos en un espacio \u00edntimo. Sam Molina, esteticista con sede en Chicago, no permite que sus dificultades pasadas la definan y usa su experiencia para convertirse en una esteticista a\u00fan mejor.<\/p><p>Escucha su historia y s\u00edguela en Instagram <a href=\"https:\/\/instagram.com\/skinchicasam\" target=\"_blank\" rel=\"noopener\">@skinchicasam<\/a>.<\/p>\t\t\t\t\t\t\t\t<\/div>\n\t\t\t\t<\/div>\n\t\t\t\t<\/div>\n\t\t<div class=\"elementor-element elementor-element-0c96ee8 e-con-full e-flex e-con e-child\" data-id=\"0c96ee8\" data-element_type=\"container\" data-e-type=\"container\">\n\t\t\t\t<\/div>\n\t\t\t\t\t<\/div>\n\t\t\t\t<\/div>\n\t\t<div class=\"elementor-element elementor-element-f98a357 e-flex e-con-boxed e-con e-parent\" data-id=\"f98a357\" data-element_type=\"container\" data-e-type=\"container\" data-settings=\"{&quot;background_background&quot;:&quot;classic&quot;}\">\n\t\t\t\t\t<div class=\"e-con-inner\">\n\t\t\t\t<div class=\"elementor-element elementor-element-4496d7c elementor-widget elementor-widget-heading\" data-id=\"4496d7c\" data-element_type=\"widget\" data-e-type=\"widget\" data-widget_type=\"heading.default\">\n\t\t\t\t<div class=\"elementor-widget-container\">\n\t\t\t\t\t<h2 class=\"elementor-heading-title elementor-size-default\">Se nuestra invitada<\/h2>\t\t\t\t<\/div>\n\t\t\t\t<\/div>\n\t\t\t\t<div class=\"elementor-element elementor-element-608fc28 elementor-widget elementor-widget-text-editor\" data-id=\"608fc28\" data-element_type=\"widget\" data-e-type=\"widget\" data-widget_type=\"text-editor.default\">\n\t\t\t\t<div class=\"elementor-widget-container\">\n\t\t\t\t\t\t\t\t\t<p>\u00bfEst\u00e1s interesado en ser un futuro invitado y compartir tu historia con nuestros oyentes globales?&nbsp;<\/p>\n<p>Complete este formulario a continuaci\u00f3n para ser considerado.&nbsp;<\/p>\t\t\t\t\t\t\t\t<\/div>\n\t\t\t\t<\/div>\n\t\t\t\t<div class=\"elementor-element elementor-element-6b87ee1 elementor-align-center elementor-widget elementor-widget-button\" data-id=\"6b87ee1\" data-element_type=\"widget\" data-e-type=\"widget\" data-widget_type=\"button.default\">\n\t\t\t\t<div class=\"elementor-widget-container\">\n\t\t\t\t\t\t\t\t\t<div class=\"elementor-button-wrapper\">\n\t\t\t\t\t<a class=\"elementor-button elementor-button-link elementor-size-sm elementor-animation-shrink\" href=\"\">\n\t\t\t\t\t\t<span class=\"elementor-button-content-wrapper\">\n\t\t\t\t\t\t\t\t\t<span class=\"elementor-button-text\">SOLICITA ESTAR EN EL PODCAST<\/span>\n\t\t\t\t\t<\/span>\n\t\t\t\t\t<\/a>\n\t\t\t\t<\/div>\n\t\t\t\t\t\t\t\t<\/div>\n\t\t\t\t<\/div>\n\t\t\t\t\t<\/div>\n\t\t\t\t<\/div>\n\t\t\t\t<\/div>","protected":false},"excerpt":{"rendered":"<p>Welcome to bonitafind Podcast BonitaFindPodcast Women of color in beauty are underrepresented and often overlooked when it comes to partnering with big cosmetic brands and media promotion. BonitaFind podcast looks to change that while giving them a platform to share their story and grow their business. We interview small business owners and learn about their [&hellip;]<\/p>\n","protected":false},"author":1,"featured_media":0,"parent":0,"menu_order":0,"comment_status":"closed","ping_status":"closed","template":"","meta":{"om_disable_all_campaigns":false,"_monsterinsights_skip_tracking":false,"_monsterinsights_sitenote_active":false,"_monsterinsights_sitenote_note":"","_monsterinsights_sitenote_category":0,"footnotes":""},"class_list":["post-270","page","type-page","status-publish","hentry"],"aioseo_notices":[],"_links":{"self":[{"href":"https:\/\/bonitafind.skin\/es\/wp-json\/wp\/v2\/pages\/270","targetHints":{"allow":["GET"]}}],"collection":[{"href":"https:\/\/bonitafind.skin\/es\/wp-json\/wp\/v2\/pages"}],"about":[{"href":"https:\/\/bonitafind.skin\/es\/wp-json\/wp\/v2\/types\/page"}],"author":[{"embeddable":true,"href":"https:\/\/bonitafind.skin\/es\/wp-json\/wp\/v2\/users\/1"}],"replies":[{"embeddable":true,"href":"https:\/\/bonitafind.skin\/es\/wp-json\/wp\/v2\/comments?post=270"}],"version-history":[{"count":141,"href":"https:\/\/bonitafind.skin\/es\/wp-json\/wp\/v2\/pages\/270\/revisions"}],"predecessor-version":[{"id":1942,"href":"https:\/\/bonitafind.skin\/es\/wp-json\/wp\/v2\/pages\/270\/revisions\/1942"}],"wp:attachment":[{"href":"https:\/\/bonitafind.skin\/es\/wp-json\/wp\/v2\/media?parent=270"}],"curies":[{"name":"wp","href":"https:\/\/api.w.org\/{rel}","templated":true}]}}